{"id":2512,"date":"2024-08-27T01:09:26","date_gmt":"2024-08-26T23:09:26","guid":{"rendered":"https:\/\/www.eliemittelmann.com\/?page_id=2512"},"modified":"2025-05-16T12:21:29","modified_gmt":"2025-05-16T10:21:29","slug":"drone-2","status":"publish","type":"page","link":"https:\/\/www.eliemittelmann.com\/index.php\/drone-2\/","title":{"rendered":"Drone"},"content":{"rendered":"\t\t<div data-elementor-type=\"wp-page\" data-elementor-id=\"2512\" class=\"elementor elementor-2512\">\n\t\t\t\t\t\t<section class=\"elementor-section elementor-top-section elementor-element elementor-element-19b5fb68 elementor-section-boxed elementor-section-height-default elementor-section-height-default\" data-id=\"19b5fb68\" data-element_type=\"section\" data-settings=\"{&quot;background_background&quot;:&quot;classic&quot;}\">\n\t\t\t\t\t\t<div class=\"elementor-container elementor-column-gap-default\">\n\t\t\t\t\t<div class=\"elementor-column elementor-col-100 elementor-top-column elementor-element elementor-element-724cc42e\" data-id=\"724cc42e\" data-element_type=\"column\">\n\t\t\t<div class=\"elementor-widget-wrap elementor-element-populated\">\n\t\t\t\t\t\t<div class=\"elementor-element elementor-element-48ec0e0e animated-slow the-title-center elementor-widget__width-initial elementor-invisible elementor-widget elementor-widget-rekam-head-title\" data-id=\"48ec0e0e\" data-element_type=\"widget\" data-settings=\"{&quot;_animation&quot;:&quot;fadeIn&quot;}\" data-widget_type=\"rekam-head-title.default\">\n\t\t\t\t<div class=\"elementor-widget-container\">\n\t\t\t<div class=\"head-title head-title-2 text-center clearfix\">\r\n\t<div class=\"the-title\">\r\n\t\t\t\t\t<span class=\"subtitle\">Rekam Subtitle<\/span>\r\n\t\t\t\tSi leurs images subliment les productions audiovisuelles, et s'av\u00e8rent n\u00e9cessaires dans la pr\u00e9paration de projets architecturaux...\t<\/div>\r\n<\/div>\r\n\t\t\t\t<\/div>\n\t\t\t\t<\/div>\n\t\t\t\t<div class=\"elementor-element elementor-element-23a55a76 elementor-widget__width-initial elementor-widget elementor-widget-rekam-text\" data-id=\"23a55a76\" data-element_type=\"widget\" data-widget_type=\"rekam-text.default\">\n\t\t\t\t<div class=\"elementor-widget-container\">\n\t\t\t<div class=\"rekam-text clearfix\">\r\n<p>...l'univers des drones peut para\u00eetre complexe car la r\u00e9glementation li\u00e9e \u00e0 leur utilisation est extr\u00eamement dense. D\u00e8s lors il est indispensable de faire appel \u00e0 un exploitant dument form\u00e9 aux r\u00e8gles de l'air et r\u00e9pertori\u00e9 par la DGAC, afin de ne pas se mettre en infraction et en responsabilit\u00e9 en cas d'incident, voire d'accident.<span class=\"Apple-converted-space\">\u00a0<\/span><\/p><\/div>\t\t<\/div>\n\t\t\t\t<\/div>\n\t\t\t\t<div class=\"elementor-element elementor-element-a49eeb7 elementor-widget-divider--view-line elementor-widget elementor-widget-divider\" data-id=\"a49eeb7\" data-element_type=\"widget\" data-widget_type=\"divider.default\">\n\t\t\t\t<div class=\"elementor-widget-container\">\n\t\t\t\t\t<div class=\"elementor-divider\">\n\t\t\t<span class=\"elementor-divider-separator\">\n\t\t\t\t\t\t<\/span>\n\t\t<\/div>\n\t\t\t\t<\/div>\n\t\t\t\t<\/div>\n\t\t\t\t<div class=\"elementor-element elementor-element-cbc423a elementor-widget__width-initial elementor-widget elementor-widget-rekam-text\" data-id=\"cbc423a\" data-element_type=\"widget\" data-widget_type=\"rekam-text.default\">\n\t\t\t\t<div class=\"elementor-widget-container\">\n\t\t\t<div class=\"rekam-text clearfix\">\r\n<p>- Titulaire du CATT d\u00e9livr\u00e9 par la DGAC me qualifiant pour voler selon les 3 sc\u00e9narios nationaux de la cat\u00e9gorie Sp\u00e9cifique S1, S2 et S3 qui resteront en vigueur jusqu'au 31 d\u00e9cembre 2025.<\/p><p style=\"text-align: center;\"><span class=\"Apple-converted-space\">\u00a0<\/span><\/p><\/div>\t\t<\/div>\n\t\t\t\t<\/div>\n\t\t\t\t<div class=\"elementor-element elementor-element-97f6cd3 elementor-widget__width-initial elementor-widget elementor-widget-rekam-text\" data-id=\"97f6cd3\" data-element_type=\"widget\" data-widget_type=\"rekam-text.default\">\n\t\t\t\t<div class=\"elementor-widget-container\">\n\t\t\t<div class=\"rekam-text clearfix\">\r\n<p>- Titulaire du CATS d\u00e9livr\u00e9 par la DGAC, rempla\u00e7ant du CATT en application de la nouvelle r\u00e9glementation europ\u00e9enne, et me qualifiant pour voler selon les sc\u00e9narios de la cat\u00e9gorie Specific STS-01 et STS-02.<\/p><p style=\"text-align: center;\"><span class=\"Apple-converted-space\">\u00a0<\/span><\/p><\/div>\t\t<\/div>\n\t\t\t\t<\/div>\n\t\t\t\t<div class=\"elementor-element elementor-element-60f1cca elementor-widget__width-initial elementor-widget elementor-widget-rekam-text\" data-id=\"60f1cca\" data-element_type=\"widget\" data-widget_type=\"rekam-text.default\">\n\t\t\t\t<div class=\"elementor-widget-container\">\n\t\t\t<div class=\"rekam-text clearfix\">\r\n<p>- Titulaire du BAPD d\u00e9livr\u00e9 par la DGAC, me qualifiant pour voler selon les sc\u00e9narios de la cat\u00e9gorie Open A1, A2, A3.<\/p><p style=\"text-align: center;\"><span class=\"Apple-converted-space\">\u00a0<\/span><\/p><\/div>\t\t<\/div>\n\t\t\t\t<\/div>\n\t\t\t\t<div class=\"elementor-element elementor-element-029f9e1 elementor-widget__width-initial elementor-widget elementor-widget-rekam-text\" data-id=\"029f9e1\" data-element_type=\"widget\" data-widget_type=\"rekam-text.default\">\n\t\t\t\t<div class=\"elementor-widget-container\">\n\t\t\t<div class=\"rekam-text clearfix\">\r\n<p style=\"text-align: center;\">Seuls les exploitants r\u00e9pertori\u00e9s aupr\u00e8s de la DGAC sont en mesure d'effectuer les d\u00e9marches afin d'obtenir les autorisations de vol dans les nombreuses zones s\u00e9gr\u00e9gu\u00e9es couvrant le territoire national (CTR, zones d\u00e9fense, proximit\u00e9 d'un a\u00e9rodrome ou d'un h\u00e9liport, zones P, R ou D, agglom\u00e9rations, parcs naturels, zones natura 2000... etc).<\/p><p>De ce fait, la pr\u00e9paration de mission, en collaboration avec l'\u00e9quipe de production et de r\u00e9alisation est une \u00e9tape cruciale avant chaque vol, les d\u00e9lais de r\u00e9activit\u00e9 des diff\u00e9rentes administrations pouvant varier de 24 heures \u00e0 un mois selon les cas.<\/p><\/div>\t\t<\/div>\n\t\t\t\t<\/div>\n\t\t\t\t<div class=\"elementor-element elementor-element-3f09d87c elementor-widget-divider--view-line elementor-widget elementor-widget-divider\" data-id=\"3f09d87c\" data-element_type=\"widget\" data-widget_type=\"divider.default\">\n\t\t\t\t<div class=\"elementor-widget-container\">\n\t\t\t\t\t<div class=\"elementor-divider\">\n\t\t\t<span class=\"elementor-divider-separator\">\n\t\t\t\t\t\t<\/span>\n\t\t<\/div>\n\t\t\t\t<\/div>\n\t\t\t\t<\/div>\n\t\t\t\t<div class=\"elementor-element elementor-element-125e44e2 elementor-widget__width-initial elementor-widget elementor-widget-rekam-text\" data-id=\"125e44e2\" data-element_type=\"widget\" data-widget_type=\"rekam-text.default\">\n\t\t\t\t<div class=\"elementor-widget-container\">\n\t\t\t<div class=\"rekam-text clearfix\">\r\n<p>Le drone que j'exploite actuellement est un DJI Mavic 3 qui embarque une cam\u00e9ra mise au point en partenariat avec Hasselblad, \u00e9quip\u00e9e d\u2019un capteur CMOS 4\/3 d\u2019une r\u00e9solution allant jusqu\u2019\u00e0 5,1K \u00e0 50i\/sec (120i\/sec en 4K) et pouvant enregistrer en D-Log 10bits. Il est extr\u00eamement fiable et s\u00e9curis\u00e9 mais aussi tr\u00e8s rapide \u00e0 mettre en \u0153uvre. Il est homologu\u00e9 pour les vols selon les sc\u00e9narios nationaux S1, S2 et S3, et la sous cat\u00e9gorie A2 de la nouvelle l\u00e9gislation europ\u00e9enne.<\/p><\/div>\t\t<\/div>\n\t\t\t\t<\/div>\n\t\t\t\t<div class=\"elementor-element elementor-element-2c18d934 e-transform elementor-widget__width-initial elementor-widget elementor-widget-image\" data-id=\"2c18d934\" data-element_type=\"widget\" data-settings=\"{&quot;_animation&quot;:&quot;none&quot;,&quot;_transform_scale_effect&quot;:{&quot;unit&quot;:&quot;px&quot;,&quot;size&quot;:1.1,&quot;sizes&quot;:[]},&quot;_transform_scale_effect_tablet&quot;:{&quot;unit&quot;:&quot;px&quot;,&quot;size&quot;:&quot;&quot;,&quot;sizes&quot;:[]},&quot;_transform_scale_effect_mobile&quot;:{&quot;unit&quot;:&quot;px&quot;,&quot;size&quot;:&quot;&quot;,&quot;sizes&quot;:[]}}\" data-widget_type=\"image.default\">\n\t\t\t\t<div class=\"elementor-widget-container\">\n\t\t\t\t\t\t\t\t\t\t\t\t\t<img fetchpriority=\"high\" decoding=\"async\" width=\"1024\" height=\"769\" src=\"https:\/\/www.eliemittelmann.com\/wp-content\/uploads\/2024\/03\/Capture-decran-2024-03-07-a-11.48.04.jpeg\" class=\"attachment-large size-large wp-image-2208\" alt=\"\" srcset=\"https:\/\/www.eliemittelmann.com\/wp-content\/uploads\/2024\/03\/Capture-decran-2024-03-07-a-11.48.04.jpeg 1024w, https:\/\/www.eliemittelmann.com\/wp-content\/uploads\/2024\/03\/Capture-decran-2024-03-07-a-11.48.04-300x225.jpeg 300w, https:\/\/www.eliemittelmann.com\/wp-content\/uploads\/2024\/03\/Capture-decran-2024-03-07-a-11.48.04-768x577.jpeg 768w\" sizes=\"(max-width: 1024px) 100vw, 1024px\" \/>\t\t\t\t\t\t\t\t\t\t\t\t\t<\/div>\n\t\t\t\t<\/div>\n\t\t\t\t<div class=\"elementor-element elementor-element-35992d64 elementor-widget__width-initial elementor-widget elementor-widget-rekam-text\" data-id=\"35992d64\" data-element_type=\"widget\" data-widget_type=\"rekam-text.default\">\n\t\t\t\t<div class=\"elementor-widget-container\">\n\t\t\t<div class=\"rekam-text clearfix\">\r\n<p>Je dispose de 6 batteries pour environ 2h de vol, ainsi que toute une gamme de filtres ND, de 8 \u00e0 512, CPL, lentilles grand angle et anamorphique.\u00a0<\/p><\/div>\t\t<\/div>\n\t\t\t\t<\/div>\n\t\t\t\t<div class=\"elementor-element elementor-element-49741628 elementor-widget-divider--view-line elementor-widget elementor-widget-divider\" data-id=\"49741628\" data-element_type=\"widget\" data-widget_type=\"divider.default\">\n\t\t\t\t<div class=\"elementor-widget-container\">\n\t\t\t\t\t<div class=\"elementor-divider\">\n\t\t\t<span class=\"elementor-divider-separator\">\n\t\t\t\t\t\t<\/span>\n\t\t<\/div>\n\t\t\t\t<\/div>\n\t\t\t\t<\/div>\n\t\t\t\t<div class=\"elementor-element elementor-element-a1822c9 elementor-widget elementor-widget-video\" data-id=\"a1822c9\" data-element_type=\"widget\" data-settings=\"{&quot;youtube_url&quot;:&quot;https:\\\/\\\/www.youtube.com\\\/watch?v=N-ZIEujPTrY&quot;,&quot;video_type&quot;:&quot;youtube&quot;,&quot;controls&quot;:&quot;yes&quot;}\" data-widget_type=\"video.default\">\n\t\t\t\t<div class=\"elementor-widget-container\">\n\t\t\t\t\t<div class=\"elementor-wrapper elementor-open-inline\">\n\t\t\t<div class=\"elementor-video\"><\/div>\t\t<\/div>\n\t\t\t\t<\/div>\n\t\t\t\t<\/div>\n\t\t\t\t<div class=\"elementor-element elementor-element-11e295e elementor-widget elementor-widget-rekam-text\" data-id=\"11e295e\" data-element_type=\"widget\" data-widget_type=\"rekam-text.default\">\n\t\t\t\t<div class=\"elementor-widget-container\">\n\t\t\t<div class=\"rekam-text clearfix\">\r\n<p style=\"text-align: center;\">Bande d\u00e9mo 2023<\/p><p>\u00a0<\/p><\/div>\t\t<\/div>\n\t\t\t\t<\/div>\n\t\t\t\t<div class=\"elementor-element elementor-element-c5778c1 elementor-widget elementor-widget-video\" data-id=\"c5778c1\" data-element_type=\"widget\" data-settings=\"{&quot;youtube_url&quot;:&quot;https:\\\/\\\/www.youtube.com\\\/watch?v=tbOhFp5RExo&quot;,&quot;video_type&quot;:&quot;youtube&quot;,&quot;controls&quot;:&quot;yes&quot;}\" data-widget_type=\"video.default\">\n\t\t\t\t<div class=\"elementor-widget-container\">\n\t\t\t\t\t<div class=\"elementor-wrapper elementor-open-inline\">\n\t\t\t<div class=\"elementor-video\"><\/div>\t\t<\/div>\n\t\t\t\t<\/div>\n\t\t\t\t<\/div>\n\t\t\t\t<div class=\"elementor-element elementor-element-ae7fd21 elementor-widget elementor-widget-rekam-text\" data-id=\"ae7fd21\" data-element_type=\"widget\" data-widget_type=\"rekam-text.default\">\n\t\t\t\t<div class=\"elementor-widget-container\">\n\t\t\t<div class=\"rekam-text clearfix\">\r\n<p style=\"text-align: center;\">Sortie au Lac de Blanchemer, Hautes Vosges<\/p><\/div>\t\t<\/div>\n\t\t\t\t<\/div>\n\t\t\t\t\t<\/div>\n\t\t<\/div>\n\t\t\t\t\t<\/div>\n\t\t<\/section>\n\t\t\t\t<section class=\"elementor-section elementor-top-section elementor-element elementor-element-73722b0b elementor-section-boxed elementor-section-height-default elementor-section-height-default\" data-id=\"73722b0b\" data-element_type=\"section\" data-settings=\"{&quot;background_background&quot;:&quot;classic&quot;}\">\n\t\t\t\t\t\t<div class=\"elementor-container elementor-column-gap-default\">\n\t\t\t\t\t<div class=\"elementor-column elementor-col-100 elementor-top-column elementor-element elementor-element-47330882\" data-id=\"47330882\" data-element_type=\"column\">\n\t\t\t<div class=\"elementor-widget-wrap\">\n\t\t\t\t\t\t\t<\/div>\n\t\t<\/div>\n\t\t\t\t\t<\/div>\n\t\t<\/section>\n\t\t\t\t<\/div>\n\t\t","protected":false},"excerpt":{"rendered":"<p>https:\/\/www.youtube.com\/watch?v=N-ZIEujPTrYhttps:\/\/www.youtube.com\/watch?v=tbOhFp5RExo<\/p>\n","protected":false},"author":1,"featured_media":0,"parent":0,"menu_order":0,"comment_status":"closed","ping_status":"closed","template":"template\/page-builder-template.php","meta":{"_monsterinsights_skip_tracking":false,"_monsterinsights_sitenote_active":false,"_monsterinsights_sitenote_note":"","_monsterinsights_sitenote_category":0,"footnotes":""},"class_list":["post-2512","page","type-page","status-publish","hentry"],"acf":[],"_links":{"self":[{"href":"https:\/\/www.eliemittelmann.com\/index.php\/wp-json\/wp\/v2\/pages\/2512","targetHints":{"allow":["GET"]}}],"collection":[{"href":"https:\/\/www.eliemittelmann.com\/index.php\/wp-json\/wp\/v2\/pages"}],"about":[{"href":"https:\/\/www.eliemittelmann.com\/index.php\/wp-json\/wp\/v2\/types\/page"}],"author":[{"embeddable":true,"href":"https:\/\/www.eliemittelmann.com\/index.php\/wp-json\/wp\/v2\/users\/1"}],"replies":[{"embeddable":true,"href":"https:\/\/www.eliemittelmann.com\/index.php\/wp-json\/wp\/v2\/comments?post=2512"}],"version-history":[{"count":228,"href":"https:\/\/www.eliemittelmann.com\/index.php\/wp-json\/wp\/v2\/pages\/2512\/revisions"}],"predecessor-version":[{"id":3938,"href":"https:\/\/www.eliemittelmann.com\/index.php\/wp-json\/wp\/v2\/pages\/2512\/revisions\/3938"}],"wp:attachment":[{"href":"https:\/\/www.eliemittelmann.com\/index.php\/wp-json\/wp\/v2\/media?parent=2512"}],"curies":[{"name":"wp","href":"https:\/\/api.w.org\/{rel}","templated":true}]}}