{"id":2508,"date":"2024-08-28T19:30:47","date_gmt":"2024-08-28T17:30:47","guid":{"rendered":"https:\/\/www.eliemittelmann.com\/?page_id=2508"},"modified":"2025-09-04T17:02:01","modified_gmt":"2025-09-04T15:02:01","slug":"audio","status":"publish","type":"page","link":"https:\/\/www.eliemittelmann.com\/index.php\/audio\/","title":{"rendered":"Audio"},"content":{"rendered":"\t\t<div data-elementor-type=\"wp-page\" data-elementor-id=\"2508\" class=\"elementor elementor-2508\">\n\t\t\t\t\t\t<div class=\"elementor-section elementor-top-section elementor-element elementor-element-95ecdc6 elementor-section-boxed elementor-section-height-default elementor-section-height-default\" data-id=\"95ecdc6\" data-element_type=\"section\" data-settings=\"{&quot;background_background&quot;:&quot;classic&quot;}\">\n\t\t\t\t\t\t<div class=\"elementor-container elementor-column-gap-custom\">\n\t\t\t\t\t<div class=\"elementor-column elementor-col-100 elementor-top-column elementor-element elementor-element-43553778\" data-id=\"43553778\" data-element_type=\"column\">\n\t\t\t<div class=\"elementor-widget-wrap elementor-element-populated\">\n\t\t\t\t\t\t<div class=\"elementor-element elementor-element-35fec5c0 the-title-center elementor-widget elementor-widget-rekam-head-title\" data-id=\"35fec5c0\" data-element_type=\"widget\" data-widget_type=\"rekam-head-title.default\">\n\t\t\t\t<div class=\"elementor-widget-container\">\n\t\t\t<div class=\"head-title head-title-2 text-center clearfix\">\r\n\t<div class=\"the-title\">\r\n\t\t\t\tUne oreille, mais aussi une vision du son \u00e0 360\u00b0...\t<\/div>\r\n<\/div>\r\n\t\t\t\t<\/div>\n\t\t\t\t<\/div>\n\t\t\t\t<div class=\"elementor-element elementor-element-690e2091 elementor-widget__width-initial elementor-widget elementor-widget-rekam-text\" data-id=\"690e2091\" data-element_type=\"widget\" data-widget_type=\"rekam-text.default\">\n\t\t\t\t<div class=\"elementor-widget-container\">\n\t\t\t<div class=\"rekam-text clearfix\">\r\n<p>... c'est le choix d'envisager mon m\u00e9tier par tous ses aspects. Qu'ils soient techniques ou cr\u00e9atifs, de production ou de post-production, chacun ayant nourri l'autre au cours des ann\u00e9es.<\/p><\/div>\t\t<\/div>\n\t\t\t\t<\/div>\n\t\t\t\t<div class=\"elementor-element elementor-element-110e4715 elementor-widget-divider--view-line elementor-widget elementor-widget-divider\" data-id=\"110e4715\" data-element_type=\"widget\" data-widget_type=\"divider.default\">\n\t\t\t\t<div class=\"elementor-widget-container\">\n\t\t\t\t\t<div class=\"elementor-divider\">\n\t\t\t<span class=\"elementor-divider-separator\">\n\t\t\t\t\t\t<\/span>\n\t\t<\/div>\n\t\t\t\t<\/div>\n\t\t\t\t<\/div>\n\t\t\t\t<div class=\"elementor-element elementor-element-3840b6e0 e-transform elementor-invisible elementor-widget elementor-widget-heading\" data-id=\"3840b6e0\" data-element_type=\"widget\" data-settings=\"{&quot;_animation&quot;:&quot;fadeInDown&quot;,&quot;_transform_scale_effect&quot;:{&quot;unit&quot;:&quot;px&quot;,&quot;size&quot;:1,&quot;sizes&quot;:[]},&quot;_transform_scale_effect_tablet&quot;:{&quot;unit&quot;:&quot;px&quot;,&quot;size&quot;:&quot;&quot;,&quot;sizes&quot;:[]},&quot;_transform_scale_effect_mobile&quot;:{&quot;unit&quot;:&quot;px&quot;,&quot;size&quot;:&quot;&quot;,&quot;sizes&quot;:[]}}\" data-widget_type=\"heading.default\">\n\t\t\t\t<div class=\"elementor-widget-container\">\n\t\t\t<div class=\"elementor-heading-title elementor-size-default\">La Prise de Son<\/div>\t\t<\/div>\n\t\t\t\t<\/div>\n\t\t\t\t<div class=\"elementor-element elementor-element-1e68b32f elementor-widget__width-initial elementor-widget elementor-widget-rekam-text\" data-id=\"1e68b32f\" data-element_type=\"widget\" data-widget_type=\"rekam-text.default\">\n\t\t\t\t<div class=\"elementor-widget-container\">\n\t\t\t<div class=\"rekam-text clearfix\">\r\n<p>requiert \u00a0des outils de grande qualit\u00e9. Mon parc de mat\u00e9riel inclue un large choix de <strong>micros<\/strong> modulaires <strong>Neumann<\/strong> et de <strong>HF Zaxcom<\/strong> de derni\u00e8re g\u00e9n\u00e9ration. Un enregistreur multipistes <strong>Zaxcom Nomad<\/strong> vient compl\u00e9ter cet ensemble. S'il r\u00e9pond parfaitement aux besoins de la plupart des prestations auxquelles j'apporte mon concours, \u00e0 chaque type de projet son mat\u00e9riel adapt\u00e9. Ainsi, le cas \u00e9ch\u00e9ant, je fais appel \u00e0 des loueurs partenaires avec qui je travaille depuis de nombreuses ann\u00e9es pour trouver le dispositif qui r\u00e9pondra le mieux aux caract\u00e9ristiques et aux contraintes de votre projet.<\/p><\/div>\t\t<\/div>\n\t\t\t\t<\/div>\n\t\t\t\t<div class=\"elementor-element elementor-element-31e1a1a3 elementor-widget elementor-widget-spacer\" data-id=\"31e1a1a3\" data-element_type=\"widget\" data-widget_type=\"spacer.default\">\n\t\t\t\t<div class=\"elementor-widget-container\">\n\t\t\t\t\t<div class=\"elementor-spacer\">\n\t\t\t<div class=\"elementor-spacer-inner\"><\/div>\n\t\t<\/div>\n\t\t\t\t<\/div>\n\t\t\t\t<\/div>\n\t\t\t\t<div class=\"elementor-element elementor-element-d716c78 elementor-widget__width-initial e-transform elementor-widget elementor-widget-spacer\" data-id=\"d716c78\" data-element_type=\"widget\" data-settings=\"{&quot;_transform_flipX_effect&quot;:&quot;transform&quot;}\" data-widget_type=\"spacer.default\">\n\t\t\t\t<div class=\"elementor-widget-container\">\n\t\t\t\t\t<div class=\"elementor-spacer\">\n\t\t\t<div class=\"elementor-spacer-inner\"><\/div>\n\t\t<\/div>\n\t\t\t\t<\/div>\n\t\t\t\t<\/div>\n\t\t\t\t<div class=\"elementor-element elementor-element-21107bfe elementor-widget__width-initial elementor-widget elementor-widget-image\" data-id=\"21107bfe\" data-element_type=\"widget\" data-widget_type=\"image.default\">\n\t\t\t\t<div class=\"elementor-widget-container\">\n\t\t\t\t\t\t\t\t\t\t\t\t\t<img fetchpriority=\"high\" decoding=\"async\" width=\"512\" height=\"384\" src=\"https:\/\/www.eliemittelmann.com\/wp-content\/uploads\/2024\/03\/23334267_10155278778498198_6211840113988899090_o.jpeg\" class=\"attachment-large size-large wp-image-2421\" alt=\"\" srcset=\"https:\/\/www.eliemittelmann.com\/wp-content\/uploads\/2024\/03\/23334267_10155278778498198_6211840113988899090_o.jpeg 512w, https:\/\/www.eliemittelmann.com\/wp-content\/uploads\/2024\/03\/23334267_10155278778498198_6211840113988899090_o-300x225.jpeg 300w\" sizes=\"(max-width: 512px) 100vw, 512px\" \/>\t\t\t\t\t\t\t\t\t\t\t\t\t<\/div>\n\t\t\t\t<\/div>\n\t\t\t\t<div class=\"elementor-element elementor-element-2bbc0067 elementor-widget__width-initial e-transform elementor-widget elementor-widget-spacer\" data-id=\"2bbc0067\" data-element_type=\"widget\" data-settings=\"{&quot;_transform_flipX_effect&quot;:&quot;transform&quot;}\" data-widget_type=\"spacer.default\">\n\t\t\t\t<div class=\"elementor-widget-container\">\n\t\t\t\t\t<div class=\"elementor-spacer\">\n\t\t\t<div class=\"elementor-spacer-inner\"><\/div>\n\t\t<\/div>\n\t\t\t\t<\/div>\n\t\t\t\t<\/div>\n\t\t\t\t<div class=\"elementor-element elementor-element-edbda95 elementor-widget__width-initial elementor-widget elementor-widget-image\" data-id=\"edbda95\" data-element_type=\"widget\" data-widget_type=\"image.default\">\n\t\t\t\t<div class=\"elementor-widget-container\">\n\t\t\t\t\t\t\t\t\t\t\t\t\t<img decoding=\"async\" width=\"720\" height=\"480\" src=\"https:\/\/www.eliemittelmann.com\/wp-content\/uploads\/2024\/03\/281464_10150250453288198_7633519_n.jpg\" class=\"attachment-large size-large wp-image-2418\" alt=\"\" srcset=\"https:\/\/www.eliemittelmann.com\/wp-content\/uploads\/2024\/03\/281464_10150250453288198_7633519_n.jpg 720w, https:\/\/www.eliemittelmann.com\/wp-content\/uploads\/2024\/03\/281464_10150250453288198_7633519_n-300x200.jpg 300w\" sizes=\"(max-width: 720px) 100vw, 720px\" \/>\t\t\t\t\t\t\t\t\t\t\t\t\t<\/div>\n\t\t\t\t<\/div>\n\t\t\t\t<div class=\"elementor-element elementor-element-d314556 elementor-widget__width-initial e-transform elementor-widget elementor-widget-spacer\" data-id=\"d314556\" data-element_type=\"widget\" data-settings=\"{&quot;_transform_flipX_effect&quot;:&quot;transform&quot;}\" data-widget_type=\"spacer.default\">\n\t\t\t\t<div class=\"elementor-widget-container\">\n\t\t\t\t\t<div class=\"elementor-spacer\">\n\t\t\t<div class=\"elementor-spacer-inner\"><\/div>\n\t\t<\/div>\n\t\t\t\t<\/div>\n\t\t\t\t<\/div>\n\t\t\t\t<div class=\"elementor-element elementor-element-5500d73 elementor-widget__width-initial e-transform elementor-widget elementor-widget-spacer\" data-id=\"5500d73\" data-element_type=\"widget\" data-settings=\"{&quot;_transform_flipX_effect&quot;:&quot;transform&quot;}\" data-widget_type=\"spacer.default\">\n\t\t\t\t<div class=\"elementor-widget-container\">\n\t\t\t\t\t<div class=\"elementor-spacer\">\n\t\t\t<div class=\"elementor-spacer-inner\"><\/div>\n\t\t<\/div>\n\t\t\t\t<\/div>\n\t\t\t\t<\/div>\n\t\t\t\t<div class=\"elementor-element elementor-element-404d59bc elementor-widget__width-initial elementor-widget-mobile__width-inherit elementor-widget elementor-widget-rekam-text\" data-id=\"404d59bc\" data-element_type=\"widget\" data-widget_type=\"rekam-text.default\">\n\t\t\t\t<div class=\"elementor-widget-container\">\n\t\t\t<div class=\"rekam-text clearfix\">\r\n<p><em>Alain Figlarz, un com\u00e9dien au timbre de voix profond. \u00a0(tournage Cycles court m\u00e9trage de G.Bryks)<\/em><\/p><\/div>\t\t<\/div>\n\t\t\t\t<\/div>\n\t\t\t\t<div class=\"elementor-element elementor-element-fea2f54 elementor-widget__width-initial elementor-widget elementor-widget-spacer\" data-id=\"fea2f54\" data-element_type=\"widget\" data-widget_type=\"spacer.default\">\n\t\t\t\t<div class=\"elementor-widget-container\">\n\t\t\t\t\t<div class=\"elementor-spacer\">\n\t\t\t<div class=\"elementor-spacer-inner\"><\/div>\n\t\t<\/div>\n\t\t\t\t<\/div>\n\t\t\t\t<\/div>\n\t\t\t\t<div class=\"elementor-element elementor-element-70661964 elementor-widget__width-initial elementor-widget elementor-widget-rekam-text\" data-id=\"70661964\" data-element_type=\"widget\" data-widget_type=\"rekam-text.default\">\n\t\t\t\t<div class=\"elementor-widget-container\">\n\t\t\t<div class=\"rekam-text clearfix\">\r\n<p><em>Mise en place des micros pour la performance du groupe Wild Bird &amp; Peacedrums sur le port de G\u00f6teborg. (Tournage du documentaire Northern Sounds d'A.Boegner)<\/em><\/p><\/div>\t\t<\/div>\n\t\t\t\t<\/div>\n\t\t\t\t<div class=\"elementor-element elementor-element-5902b56c elementor-widget elementor-widget-spacer\" data-id=\"5902b56c\" data-element_type=\"widget\" data-widget_type=\"spacer.default\">\n\t\t\t\t<div class=\"elementor-widget-container\">\n\t\t\t\t\t<div class=\"elementor-spacer\">\n\t\t\t<div class=\"elementor-spacer-inner\"><\/div>\n\t\t<\/div>\n\t\t\t\t<\/div>\n\t\t\t\t<\/div>\n\t\t\t\t<div class=\"elementor-element elementor-element-b2e3a0a elementor-widget-divider--view-line elementor-widget elementor-widget-divider\" data-id=\"b2e3a0a\" data-element_type=\"widget\" data-widget_type=\"divider.default\">\n\t\t\t\t<div class=\"elementor-widget-container\">\n\t\t\t\t\t<div class=\"elementor-divider\">\n\t\t\t<span class=\"elementor-divider-separator\">\n\t\t\t\t\t\t<\/span>\n\t\t<\/div>\n\t\t\t\t<\/div>\n\t\t\t\t<\/div>\n\t\t\t\t<div class=\"elementor-element elementor-element-956f55f e-transform elementor-invisible elementor-widget elementor-widget-heading\" data-id=\"956f55f\" data-element_type=\"widget\" data-settings=\"{&quot;_animation&quot;:&quot;fadeInDown&quot;,&quot;_transform_scale_effect&quot;:{&quot;unit&quot;:&quot;px&quot;,&quot;size&quot;:1,&quot;sizes&quot;:[]},&quot;_transform_scale_effect_tablet&quot;:{&quot;unit&quot;:&quot;px&quot;,&quot;size&quot;:&quot;&quot;,&quot;sizes&quot;:[]},&quot;_transform_scale_effect_mobile&quot;:{&quot;unit&quot;:&quot;px&quot;,&quot;size&quot;:&quot;&quot;,&quot;sizes&quot;:[]}}\" data-widget_type=\"heading.default\">\n\t\t\t\t<div class=\"elementor-widget-container\">\n\t\t\t<div class=\"elementor-heading-title elementor-size-default\">La Post Production<\/div>\t\t<\/div>\n\t\t\t\t<\/div>\n\t\t\t\t<div class=\"elementor-element elementor-element-3dbd4d23 elementor-widget__width-initial elementor-widget elementor-widget-rekam-text\" data-id=\"3dbd4d23\" data-element_type=\"widget\" data-widget_type=\"rekam-text.default\">\n\t\t\t\t<div class=\"elementor-widget-container\">\n\t\t\t<div class=\"rekam-text clearfix\">\r\n<p>\u00e0 savoir le <strong>montage son<\/strong> et le <strong>mixage<\/strong>, est aussi un domaine dans lequel j'interviens. Pour ce faire je dispose d'une station \u00e9quip\u00e9e du logiciel le plus r\u00e9pandu dans l'industrie, Avid <strong>Pro-Tools, <\/strong>compl\u00e9t\u00e9 d'une imposante suite de plugins d'\u00e9qualisation, de compression, reverb \u00e0 convolution mais aussi de restauration sonore et de mesure des niveaux pour rentrer dans les normes des chaines TV ou Youtube. Il permet des sorties dans \u00e0 peu pr\u00e8s tous les formats de son \u00e0 l'image. Du mixage en distanciel \u00e0 celui en auditorium, voire un m\u00e9lange des deux, toutes les options sont envisageables en fonction de votre projet.<\/p><\/div>\t\t<\/div>\n\t\t\t\t<\/div>\n\t\t\t\t<div class=\"elementor-element elementor-element-4d56bae2 elementor-widget elementor-widget-spacer\" data-id=\"4d56bae2\" data-element_type=\"widget\" data-widget_type=\"spacer.default\">\n\t\t\t\t<div class=\"elementor-widget-container\">\n\t\t\t\t\t<div class=\"elementor-spacer\">\n\t\t\t<div class=\"elementor-spacer-inner\"><\/div>\n\t\t<\/div>\n\t\t\t\t<\/div>\n\t\t\t\t<\/div>\n\t\t\t\t<div class=\"elementor-element elementor-element-e97e9a5 elementor-widget__width-initial e-transform elementor-widget elementor-widget-spacer\" data-id=\"e97e9a5\" data-element_type=\"widget\" data-settings=\"{&quot;_transform_flipX_effect&quot;:&quot;transform&quot;}\" data-widget_type=\"spacer.default\">\n\t\t\t\t<div class=\"elementor-widget-container\">\n\t\t\t\t\t<div class=\"elementor-spacer\">\n\t\t\t<div class=\"elementor-spacer-inner\"><\/div>\n\t\t<\/div>\n\t\t\t\t<\/div>\n\t\t\t\t<\/div>\n\t\t\t\t<div class=\"elementor-element elementor-element-3e96ba26 elementor-widget__width-initial elementor-widget elementor-widget-image\" data-id=\"3e96ba26\" data-element_type=\"widget\" data-widget_type=\"image.default\">\n\t\t\t\t<div class=\"elementor-widget-container\">\n\t\t\t\t\t\t\t\t\t\t\t\t\t<img decoding=\"async\" width=\"1024\" height=\"767\" src=\"https:\/\/www.eliemittelmann.com\/wp-content\/uploads\/2024\/03\/Mixage_SJ-1024x767.jpg\" class=\"attachment-large size-large wp-image-2417\" alt=\"\" srcset=\"https:\/\/www.eliemittelmann.com\/wp-content\/uploads\/2024\/03\/Mixage_SJ-1024x767.jpg 1024w, https:\/\/www.eliemittelmann.com\/wp-content\/uploads\/2024\/03\/Mixage_SJ-300x225.jpg 300w, https:\/\/www.eliemittelmann.com\/wp-content\/uploads\/2024\/03\/Mixage_SJ-768x575.jpg 768w, https:\/\/www.eliemittelmann.com\/wp-content\/uploads\/2024\/03\/Mixage_SJ.jpg 1080w\" sizes=\"(max-width: 1024px) 100vw, 1024px\" \/>\t\t\t\t\t\t\t\t\t\t\t\t\t<\/div>\n\t\t\t\t<\/div>\n\t\t\t\t<div class=\"elementor-element elementor-element-5dba4928 elementor-widget__width-initial e-transform elementor-widget elementor-widget-spacer\" data-id=\"5dba4928\" data-element_type=\"widget\" data-settings=\"{&quot;_transform_flipX_effect&quot;:&quot;transform&quot;}\" data-widget_type=\"spacer.default\">\n\t\t\t\t<div class=\"elementor-widget-container\">\n\t\t\t\t\t<div class=\"elementor-spacer\">\n\t\t\t<div class=\"elementor-spacer-inner\"><\/div>\n\t\t<\/div>\n\t\t\t\t<\/div>\n\t\t\t\t<\/div>\n\t\t\t\t<div class=\"elementor-element elementor-element-7e433939 elementor-widget__width-initial elementor-widget elementor-widget-image\" data-id=\"7e433939\" data-element_type=\"widget\" data-widget_type=\"image.default\">\n\t\t\t\t<div class=\"elementor-widget-container\">\n\t\t\t\t\t\t\t\t\t\t\t\t\t<img loading=\"lazy\" decoding=\"async\" width=\"752\" height=\"1024\" src=\"https:\/\/www.eliemittelmann.com\/wp-content\/uploads\/2024\/03\/16143497_10211090270874308_4402259558433298853_o.jpeg\" class=\"attachment-large size-large wp-image-2158\" alt=\"\" srcset=\"https:\/\/www.eliemittelmann.com\/wp-content\/uploads\/2024\/03\/16143497_10211090270874308_4402259558433298853_o.jpeg 752w, https:\/\/www.eliemittelmann.com\/wp-content\/uploads\/2024\/03\/16143497_10211090270874308_4402259558433298853_o-220x300.jpeg 220w\" sizes=\"(max-width: 752px) 100vw, 752px\" \/>\t\t\t\t\t\t\t\t\t\t\t\t\t<\/div>\n\t\t\t\t<\/div>\n\t\t\t\t<div class=\"elementor-element elementor-element-3938fc02 elementor-widget__width-initial elementor-widget elementor-widget-rekam-text\" data-id=\"3938fc02\" data-element_type=\"widget\" data-widget_type=\"rekam-text.default\">\n\t\t\t\t<div class=\"elementor-widget-container\">\n\t\t\t<div class=\"rekam-text clearfix\">\r\n<p><em>Sergent James d'A. P\u00e9rez, premier court-m\u00e9trage de fiction fran\u00e7ais en VR. Le mixage a \u00e9t\u00e9 livr\u00e9 au format binaural pour un rendu immersif Audio 3D synchronis\u00e9 avec les mouvements du casque VR. Apr\u00e8s un montage son et un pr\u00e9mix \"\u00e0 la maison\", le mixage a\u00e9t\u00e9 finalis\u00e9 chez Tigre Productions<br \/><\/em><\/p><\/div>\t\t<\/div>\n\t\t\t\t<\/div>\n\t\t\t\t<div class=\"elementor-element elementor-element-c57fbf7 elementor-widget elementor-widget-spacer\" data-id=\"c57fbf7\" data-element_type=\"widget\" data-widget_type=\"spacer.default\">\n\t\t\t\t<div class=\"elementor-widget-container\">\n\t\t\t\t\t<div class=\"elementor-spacer\">\n\t\t\t<div class=\"elementor-spacer-inner\"><\/div>\n\t\t<\/div>\n\t\t\t\t<\/div>\n\t\t\t\t<\/div>\n\t\t\t\t<div class=\"elementor-element elementor-element-d7a5c56 elementor-widget elementor-widget-image\" data-id=\"d7a5c56\" data-element_type=\"widget\" data-widget_type=\"image.default\">\n\t\t\t\t<div class=\"elementor-widget-container\">\n\t\t\t\t\t\t\t\t\t\t\t\t\t<img loading=\"lazy\" decoding=\"async\" width=\"960\" height=\"540\" src=\"https:\/\/www.eliemittelmann.com\/wp-content\/uploads\/2024\/10\/13177866_10153766739053198_7813223479890635362_n.jpg\" class=\"attachment-large size-large wp-image-3231\" alt=\"\" srcset=\"https:\/\/www.eliemittelmann.com\/wp-content\/uploads\/2024\/10\/13177866_10153766739053198_7813223479890635362_n.jpg 960w, https:\/\/www.eliemittelmann.com\/wp-content\/uploads\/2024\/10\/13177866_10153766739053198_7813223479890635362_n-300x169.jpg 300w, https:\/\/www.eliemittelmann.com\/wp-content\/uploads\/2024\/10\/13177866_10153766739053198_7813223479890635362_n-768x432.jpg 768w\" sizes=\"(max-width: 960px) 100vw, 960px\" \/>\t\t\t\t\t\t\t\t\t\t\t\t\t<\/div>\n\t\t\t\t<\/div>\n\t\t\t\t<div class=\"elementor-element elementor-element-ccc9577 elementor-widget__width-initial elementor-widget elementor-widget-rekam-text\" data-id=\"ccc9577\" data-element_type=\"widget\" data-widget_type=\"rekam-text.default\">\n\t\t\t\t<div class=\"elementor-widget-container\">\n\t\t\t<div class=\"rekam-text clearfix\">\r\n<p><em>Heis - Chroniques, premier long m\u00e9trage d'Ana\u00efs Volp\u00e9, lors du mixage par Steven Ghouti chez Yellow Cab Studios apr\u00e8s un montage son \"\u00e0 la maison\".<br \/><\/em><\/p><\/div>\t\t<\/div>\n\t\t\t\t<\/div>\n\t\t\t\t<div class=\"elementor-element elementor-element-6f439a25 elementor-widget-divider--view-line elementor-widget elementor-widget-divider\" data-id=\"6f439a25\" data-element_type=\"widget\" data-widget_type=\"divider.default\">\n\t\t\t\t<div class=\"elementor-widget-container\">\n\t\t\t\t\t<div class=\"elementor-divider\">\n\t\t\t<span class=\"elementor-divider-separator\">\n\t\t\t\t\t\t<\/span>\n\t\t<\/div>\n\t\t\t\t<\/div>\n\t\t\t\t<\/div>\n\t\t\t\t<div class=\"elementor-element elementor-element-4b5f30e e-transform elementor-invisible elementor-widget elementor-widget-heading\" data-id=\"4b5f30e\" data-element_type=\"widget\" data-settings=\"{&quot;_animation&quot;:&quot;fadeInDown&quot;,&quot;_transform_scale_effect&quot;:{&quot;unit&quot;:&quot;px&quot;,&quot;size&quot;:1,&quot;sizes&quot;:[]},&quot;_transform_scale_effect_tablet&quot;:{&quot;unit&quot;:&quot;px&quot;,&quot;size&quot;:&quot;&quot;,&quot;sizes&quot;:[]},&quot;_transform_scale_effect_mobile&quot;:{&quot;unit&quot;:&quot;px&quot;,&quot;size&quot;:&quot;&quot;,&quot;sizes&quot;:[]}}\" data-widget_type=\"heading.default\">\n\t\t\t\t<div class=\"elementor-widget-container\">\n\t\t\t<div class=\"elementor-heading-title elementor-size-default\">Le Sound Design<\/div>\t\t<\/div>\n\t\t\t\t<\/div>\n\t\t\t\t<div class=\"elementor-element elementor-element-2bf14615 elementor-widget__width-initial elementor-widget elementor-widget-rekam-text\" data-id=\"2bf14615\" data-element_type=\"widget\" data-widget_type=\"rekam-text.default\">\n\t\t\t\t<div class=\"elementor-widget-container\">\n\t\t\t<div class=\"rekam-text clearfix\">\r\n<p>est l'art de <strong>cr\u00e9er, <\/strong>recr\u00e9er ou modifier <strong>un son<\/strong> pr\u00e9cis afin qu'il fonctionne \u00e0 l'image. Partant d'un son pr\u00e9-existant ou par synth\u00e8se, avec du savoir-faire et de l'imagination, on travaille les timbres et les enveloppes, on empile les couches sonores afin d'obtenir LE son qui illustrera au mieux un objet ou une action.<\/p><\/div>\t\t<\/div>\n\t\t\t\t<\/div>\n\t\t\t\t<div class=\"elementor-element elementor-element-60fea3bc elementor-widget__width-initial elementor-widget elementor-widget-image\" data-id=\"60fea3bc\" data-element_type=\"widget\" data-widget_type=\"image.default\">\n\t\t\t\t<div class=\"elementor-widget-container\">\n\t\t\t\t\t\t\t\t\t\t\t\t\t<img loading=\"lazy\" decoding=\"async\" width=\"270\" height=\"480\" src=\"https:\/\/www.eliemittelmann.com\/wp-content\/uploads\/2024\/03\/10322774_10152230970983198_602496476779543595_n-1.jpg\" class=\"attachment-large size-large wp-image-2414\" alt=\"\" srcset=\"https:\/\/www.eliemittelmann.com\/wp-content\/uploads\/2024\/03\/10322774_10152230970983198_602496476779543595_n-1.jpg 270w, https:\/\/www.eliemittelmann.com\/wp-content\/uploads\/2024\/03\/10322774_10152230970983198_602496476779543595_n-1-169x300.jpg 169w\" sizes=\"(max-width: 270px) 100vw, 270px\" \/>\t\t\t\t\t\t\t\t\t\t\t\t\t<\/div>\n\t\t\t\t<\/div>\n\t\t\t\t<div class=\"elementor-element elementor-element-7545979a elementor-widget__width-initial elementor-widget elementor-widget-video\" data-id=\"7545979a\" data-element_type=\"widget\" data-settings=\"{&quot;video_type&quot;:&quot;hosted&quot;,&quot;controls&quot;:&quot;yes&quot;}\" data-widget_type=\"video.default\">\n\t\t\t\t<div class=\"elementor-widget-container\">\n\t\t\t\t\t<div class=\"e-hosted-video elementor-wrapper elementor-open-inline\">\n\t\t\t\t\t<video class=\"elementor-video\" src=\"https:\/\/www.eliemittelmann.com\/wp-content\/uploads\/2024\/03\/BOUTEILLE_9x16_H.264.mp4\" controls=\"\" preload=\"metadata\" controlsList=\"nodownload\"><\/video>\n\t\t\t\t<\/div>\n\t\t\t\t<\/div>\n\t\t\t\t<\/div>\n\t\t\t\t<div class=\"elementor-element elementor-element-64ff40fb elementor-widget__width-initial elementor-widget elementor-widget-rekam-text\" data-id=\"64ff40fb\" data-element_type=\"widget\" data-widget_type=\"rekam-text.default\">\n\t\t\t\t<div class=\"elementor-widget-container\">\n\t\t\t<div class=\"rekam-text clearfix\">\r\n<p><em>Quand Artifices Motion m'a contact\u00e9 pour illustrer une s\u00e9rie de vid\u00e9os destin\u00e9es au r\u00e9seaux sociaux du photographe Thomas Rousset pour Vogue France, s'est pos\u00e9e la question de comment illustrer \"La Bouteille\". Il est vite apparu, compte tenu des d\u00e9lais et du contexte, qu'organiser une s\u00e9ance d'enregistrement serait impossible. L'id\u00e9e m'est venue d'utiliser un son seul de friture, \u00e0 la texture granuleuse, enregistr\u00e9 lors du tournage d'un documentaire dans les cuisines d'Alain Passard, pour r\u00e9cr\u00e9er de toutes pi\u00e8ces le son du sable s'\u00e9coulant de la bouteille. <br \/><\/em><\/p><\/div>\t\t<\/div>\n\t\t\t\t<\/div>\n\t\t\t\t<div class=\"elementor-element elementor-element-b6df7d3 elementor-widget__width-initial e-transform elementor-widget elementor-widget-spacer\" data-id=\"b6df7d3\" data-element_type=\"widget\" data-settings=\"{&quot;_transform_flipX_effect&quot;:&quot;transform&quot;}\" data-widget_type=\"spacer.default\">\n\t\t\t\t<div class=\"elementor-widget-container\">\n\t\t\t\t\t<div class=\"elementor-spacer\">\n\t\t\t<div class=\"elementor-spacer-inner\"><\/div>\n\t\t<\/div>\n\t\t\t\t<\/div>\n\t\t\t\t<\/div>\n\t\t\t\t<div class=\"elementor-element elementor-element-e334aba elementor-widget__width-initial elementor-widget elementor-widget-video\" data-id=\"e334aba\" data-element_type=\"widget\" data-settings=\"{&quot;youtube_url&quot;:&quot;https:\\\/\\\/youtu.be\\\/OsjYk5dQ4qo&quot;,&quot;video_type&quot;:&quot;youtube&quot;,&quot;controls&quot;:&quot;yes&quot;}\" data-widget_type=\"video.default\">\n\t\t\t\t<div class=\"elementor-widget-container\">\n\t\t\t\t\t<div class=\"elementor-wrapper elementor-open-inline\">\n\t\t\t<div class=\"elementor-video\"><\/div>\t\t<\/div>\n\t\t\t\t<\/div>\n\t\t\t\t<\/div>\n\t\t\t\t<div class=\"elementor-element elementor-element-308aceb elementor-widget elementor-widget-rekam-text\" data-id=\"308aceb\" data-element_type=\"widget\" data-widget_type=\"rekam-text.default\">\n\t\t\t\t<div class=\"elementor-widget-container\">\n\t\t\t<div class=\"rekam-text clearfix\">\r\n<p><em>Le court m\u00e9trage As de Tr\u00e8fle d'Henri Kebadjian montre pas moins de 50 plans avec des chevaux. Tous les sons les illustrant ont \u00e9t\u00e9 enregistr\u00e9s \u00e0 post\u00e9riori et d\u00e9coup\u00e9s, empil\u00e9s, \u00e9qualis\u00e9s, compress\u00e9s, afin d'obtenir un r\u00e9sultat sur mesure pour chaque plan.<br \/><\/em><\/p><\/div>\t\t<\/div>\n\t\t\t\t<\/div>\n\t\t\t\t\t<\/div>\n\t\t<\/div>\n\t\t\t\t\t<\/div>\n\t\t<\/div>\n\t\t\t\t<\/div>\n\t\t","protected":false},"excerpt":{"rendered":"<p>La Prise de Son La Post Production Le Sound Design https:\/\/www.eliemittelmann.com\/wp-content\/uploads\/2024\/03\/BOUTEILLE_9x16_H.264.mp4<\/p>\n","protected":false},"author":1,"featured_media":0,"parent":0,"menu_order":0,"comment_status":"closed","ping_status":"closed","template":"","meta":{"_monsterinsights_skip_tracking":false,"_monsterinsights_sitenote_active":false,"_monsterinsights_sitenote_note":"","_monsterinsights_sitenote_category":0,"footnotes":""},"class_list":["post-2508","page","type-page","status-publish","hentry"],"acf":[],"_links":{"self":[{"href":"https:\/\/www.eliemittelmann.com\/index.php\/wp-json\/wp\/v2\/pages\/2508","targetHints":{"allow":["GET"]}}],"collection":[{"href":"https:\/\/www.eliemittelmann.com\/index.php\/wp-json\/wp\/v2\/pages"}],"about":[{"href":"https:\/\/www.eliemittelmann.com\/index.php\/wp-json\/wp\/v2\/types\/page"}],"author":[{"embeddable":true,"href":"https:\/\/www.eliemittelmann.com\/index.php\/wp-json\/wp\/v2\/users\/1"}],"replies":[{"embeddable":true,"href":"https:\/\/www.eliemittelmann.com\/index.php\/wp-json\/wp\/v2\/comments?post=2508"}],"version-history":[{"count":201,"href":"https:\/\/www.eliemittelmann.com\/index.php\/wp-json\/wp\/v2\/pages\/2508\/revisions"}],"predecessor-version":[{"id":3949,"href":"https:\/\/www.eliemittelmann.com\/index.php\/wp-json\/wp\/v2\/pages\/2508\/revisions\/3949"}],"wp:attachment":[{"href":"https:\/\/www.eliemittelmann.com\/index.php\/wp-json\/wp\/v2\/media?parent=2508"}],"curies":[{"name":"wp","href":"https:\/\/api.w.org\/{rel}","templated":true}]}}